{"id":462,"date":"2022-04-09T17:39:14","date_gmt":"2022-04-09T16:39:14","guid":{"rendered":"https:\/\/lesorguesdebeaumont74.com\/?page_id=462"},"modified":"2022-04-29T10:09:36","modified_gmt":"2022-04-29T09:09:36","slug":"mentions-legales","status":"publish","type":"page","link":"https:\/\/lesorguesdebeaumont74.com\/?page_id=462","title":{"rendered":"Mentions l\u00e9gales"},"content":{"rendered":"\t\t<div data-elementor-type=\"wp-page\" data-elementor-id=\"462\" class=\"elementor elementor-462\">\n\t\t\t\t\t\t<section class=\"elementor-section elementor-top-section elementor-element elementor-element-2db701 elementor-section-boxed elementor-section-height-default elementor-section-height-default\" data-id=\"2db701\" data-element_type=\"section\">\n\t\t\t\t\t\t<div class=\"elementor-container elementor-column-gap-default\">\n\t\t\t\t\t<div class=\"elementor-column elementor-col-100 elementor-top-column elementor-element elementor-element-17e6fe62\" data-id=\"17e6fe62\" data-element_type=\"column\">\n\t\t\t<div class=\"elementor-widget-wrap elementor-element-populated\">\n\t\t\t\t\t\t<div class=\"elementor-element elementor-element-140d6afc elementor-widget elementor-widget-text-editor\" data-id=\"140d6afc\" data-element_type=\"widget\" data-widget_type=\"text-editor.default\">\n\t\t\t\t<div class=\"elementor-widget-container\">\n\t\t\t\t\t\t\t\t\t<p><\/p>\n<p class=\"has-text-align-center\"><strong>Ce site est la propri\u00e9t\u00e9 de :<\/strong><br>Association Les Orgues de Beaumont<\/p>\n<p><\/p>\n<p><\/p>\n<p class=\"has-text-align-center\"><strong>Responsable de la r\u00e9daction<\/strong><br>Evelyne MAXIT<\/p>\n<p><\/p>\n<p><\/p>\n<p class=\"has-text-align-center\"><strong>Cr\u00e9ation<\/strong><br>Ki\u00b2Cr\u00e9a | MMXXII<\/p>\n<p><\/p>\n<p><\/p>\n<p class=\"has-text-align-center\"><strong>Cr\u00e9dits Photos<\/strong><\/p>\n<p><\/p>\n<p><\/p>\n<p class=\"has-text-align-center\"><strong>H\u00e9bergement<\/strong><\/p>\n<p><\/p>\n<p><\/p>\n<p class=\"has-text-align-center\"><br><\/p>\n<p><\/p>\n<p><\/p>\n<p class=\"has-text-align-center\">\u00ab Les informations recueillies font l\u2019objet d\u2019un traitement informatique destin\u00e9 \u00e0 \u00e9tablir votre devis. Les destinataires des donn\u00e9es sont l&rsquo;association Les Orgues de Beaumont uniquement. Conform\u00e9ment \u00e0 la loi \u00ab informatique et libert\u00e9s \u00bb du 6 janvier 1978 modifi\u00e9e en 2004, vous b\u00e9n\u00e9ficiez d\u2019un droit d\u2019acc\u00e8s et de rectification aux informations qui vous concernent, que vous pouvez exercer en vous adressant \u00e0 l&rsquo;Association Les Orgues de Beaumont<\/p>\n<p><\/p>\n<p><\/p>\n<p class=\"has-text-align-center\">Vous pouvez \u00e9galement, pour des motifs l\u00e9gitimes, vous opposer au traitement des donn\u00e9es vous concernant.<\/p>\n<p><\/p>\t\t\t\t\t\t\t\t<\/div>\n\t\t\t\t<\/div>\n\t\t\t\t\t<\/div>\n\t\t<\/div>\n\t\t\t\t\t<\/div>\n\t\t<\/section>\n\t\t\t\t<\/div>\n\t\t","protected":false},"excerpt":{"rendered":"<p>Ce site est la propri\u00e9t\u00e9 de :Association Les Orgues de Beaumont Responsable de la r\u00e9dactionEvelyne MAXIT Cr\u00e9ationKi\u00b2Cr\u00e9a | MMXXII Cr\u00e9dits Photos H\u00e9bergement \u00ab Les informations recueillies font l\u2019objet d\u2019un traitement informatique destin\u00e9 \u00e0 \u00e9tablir votre devis. Les destinataires des donn\u00e9es sont l&rsquo;association Les Orgues de Beaumont uniquement. Conform\u00e9ment \u00e0 la loi \u00ab informatique et libert\u00e9s [&hellip;]<\/p>\n","protected":false},"author":5,"featured_media":0,"parent":0,"menu_order":0,"comment_status":"closed","ping_status":"closed","template":"","meta":{"footnotes":""},"class_list":["post-462","page","type-page","status-publish","hentry"],"blocksy_meta":{"styles_descriptor":{"styles":{"desktop":"","tablet":"","mobile":""},"google_fonts":[],"version":6}},"yoast_head":"<!-- This site is optimized with the Yoast SEO plugin v26.7 - https:\/\/yoast.com\/wordpress\/plugins\/seo\/ -->\n<title>Mentions l\u00e9gales - Les Orgues de Beaumont<\/title>\n<meta name=\"robots\" content=\"index, follow, max-snippet:-1, max-image-preview:large, max-video-preview:-1\" \/>\n<link rel=\"canonical\" href=\"https:\/\/lesorguesdebeaumont74.com\/?page_id=462\" \/>\n<meta property=\"og:locale\" content=\"fr_FR\" \/>\n<meta property=\"og:type\" content=\"article\" \/>\n<meta property=\"og:title\" content=\"Mentions l\u00e9gales - Les Orgues de Beaumont\" \/>\n<meta property=\"og:description\" content=\"Ce site est la propri\u00e9t\u00e9 de :Association Les Orgues de Beaumont Responsable de la r\u00e9dactionEvelyne MAXIT Cr\u00e9ationKi\u00b2Cr\u00e9a | MMXXII Cr\u00e9dits Photos H\u00e9bergement \u00ab Les informations recueillies font l\u2019objet d\u2019un traitement informatique destin\u00e9 \u00e0 \u00e9tablir votre devis. Les destinataires des donn\u00e9es sont l&rsquo;association Les Orgues de Beaumont uniquement. Conform\u00e9ment \u00e0 la loi \u00ab informatique et libert\u00e9s [&hellip;]\" \/>\n<meta property=\"og:url\" content=\"https:\/\/lesorguesdebeaumont74.com\/?page_id=462\" \/>\n<meta property=\"og:site_name\" content=\"Les Orgues de Beaumont\" \/>\n<meta property=\"article:modified_time\" content=\"2022-04-29T09:09:36+00:00\" \/>\n<meta name=\"twitter:label1\" content=\"Dur\u00e9e de lecture estim\u00e9e\" \/>\n\t<meta name=\"twitter:data1\" content=\"1 minute\" \/>\n<script type=\"application\/ld+json\" class=\"yoast-schema-graph\">{\"@context\":\"https:\/\/schema.org\",\"@graph\":[{\"@type\":\"WebPage\",\"@id\":\"https:\/\/lesorguesdebeaumont74.com\/?page_id=462\",\"url\":\"https:\/\/lesorguesdebeaumont74.com\/?page_id=462\",\"name\":\"Mentions l\u00e9gales - Les Orgues de Beaumont\",\"isPartOf\":{\"@id\":\"https:\/\/lesorguesdebeaumont74.com\/#website\"},\"datePublished\":\"2022-04-09T16:39:14+00:00\",\"dateModified\":\"2022-04-29T09:09:36+00:00\",\"breadcrumb\":{\"@id\":\"https:\/\/lesorguesdebeaumont74.com\/?page_id=462#breadcrumb\"},\"inLanguage\":\"fr-FR\",\"potentialAction\":[{\"@type\":\"ReadAction\",\"target\":[\"https:\/\/lesorguesdebeaumont74.com\/?page_id=462\"]}]},{\"@type\":\"BreadcrumbList\",\"@id\":\"https:\/\/lesorguesdebeaumont74.com\/?page_id=462#breadcrumb\",\"itemListElement\":[{\"@type\":\"ListItem\",\"position\":1,\"name\":\"Accueil\",\"item\":\"https:\/\/lesorguesdebeaumont74.com\/\"},{\"@type\":\"ListItem\",\"position\":2,\"name\":\"Mentions l\u00e9gales\"}]},{\"@type\":\"WebSite\",\"@id\":\"https:\/\/lesorguesdebeaumont74.com\/#website\",\"url\":\"https:\/\/lesorguesdebeaumont74.com\/\",\"name\":\"Les Orgues de Beaumont\",\"description\":\"\",\"publisher\":{\"@id\":\"https:\/\/lesorguesdebeaumont74.com\/#organization\"},\"potentialAction\":[{\"@type\":\"SearchAction\",\"target\":{\"@type\":\"EntryPoint\",\"urlTemplate\":\"https:\/\/lesorguesdebeaumont74.com\/?s={search_term_string}\"},\"query-input\":{\"@type\":\"PropertyValueSpecification\",\"valueRequired\":true,\"valueName\":\"search_term_string\"}}],\"inLanguage\":\"fr-FR\"},{\"@type\":\"Organization\",\"@id\":\"https:\/\/lesorguesdebeaumont74.com\/#organization\",\"name\":\"Les Orgues de Beaumont\",\"url\":\"https:\/\/lesorguesdebeaumont74.com\/\",\"logo\":{\"@type\":\"ImageObject\",\"inLanguage\":\"fr-FR\",\"@id\":\"https:\/\/lesorguesdebeaumont74.com\/#\/schema\/logo\/image\/\",\"url\":\"https:\/\/lesorguesdebeaumont74.com\/wp-content\/uploads\/2022\/02\/Logo-Les-Orgues-de-Beaumont.png\",\"contentUrl\":\"https:\/\/lesorguesdebeaumont74.com\/wp-content\/uploads\/2022\/02\/Logo-Les-Orgues-de-Beaumont.png\",\"width\":1807,\"height\":578,\"caption\":\"Les Orgues de Beaumont\"},\"image\":{\"@id\":\"https:\/\/lesorguesdebeaumont74.com\/#\/schema\/logo\/image\/\"}}]}<\/script>\n<!-- \/ Yoast SEO plugin. -->","yoast_head_json":{"title":"Mentions l\u00e9gales - Les Orgues de Beaumont","robots":{"index":"index","follow":"follow","max-snippet":"max-snippet:-1","max-image-preview":"max-image-preview:large","max-video-preview":"max-video-preview:-1"},"canonical":"https:\/\/lesorguesdebeaumont74.com\/?page_id=462","og_locale":"fr_FR","og_type":"article","og_title":"Mentions l\u00e9gales - Les Orgues de Beaumont","og_description":"Ce site est la propri\u00e9t\u00e9 de :Association Les Orgues de Beaumont Responsable de la r\u00e9dactionEvelyne MAXIT Cr\u00e9ationKi\u00b2Cr\u00e9a | MMXXII Cr\u00e9dits Photos H\u00e9bergement \u00ab Les informations recueillies font l\u2019objet d\u2019un traitement informatique destin\u00e9 \u00e0 \u00e9tablir votre devis. Les destinataires des donn\u00e9es sont l&rsquo;association Les Orgues de Beaumont uniquement. Conform\u00e9ment \u00e0 la loi \u00ab informatique et libert\u00e9s [&hellip;]","og_url":"https:\/\/lesorguesdebeaumont74.com\/?page_id=462","og_site_name":"Les Orgues de Beaumont","article_modified_time":"2022-04-29T09:09:36+00:00","twitter_misc":{"Dur\u00e9e de lecture estim\u00e9e":"1 minute"},"schema":{"@context":"https:\/\/schema.org","@graph":[{"@type":"WebPage","@id":"https:\/\/lesorguesdebeaumont74.com\/?page_id=462","url":"https:\/\/lesorguesdebeaumont74.com\/?page_id=462","name":"Mentions l\u00e9gales - Les Orgues de Beaumont","isPartOf":{"@id":"https:\/\/lesorguesdebeaumont74.com\/#website"},"datePublished":"2022-04-09T16:39:14+00:00","dateModified":"2022-04-29T09:09:36+00:00","breadcrumb":{"@id":"https:\/\/lesorguesdebeaumont74.com\/?page_id=462#breadcrumb"},"inLanguage":"fr-FR","potentialAction":[{"@type":"ReadAction","target":["https:\/\/lesorguesdebeaumont74.com\/?page_id=462"]}]},{"@type":"BreadcrumbList","@id":"https:\/\/lesorguesdebeaumont74.com\/?page_id=462#breadcrumb","itemListElement":[{"@type":"ListItem","position":1,"name":"Accueil","item":"https:\/\/lesorguesdebeaumont74.com\/"},{"@type":"ListItem","position":2,"name":"Mentions l\u00e9gales"}]},{"@type":"WebSite","@id":"https:\/\/lesorguesdebeaumont74.com\/#website","url":"https:\/\/lesorguesdebeaumont74.com\/","name":"Les Orgues de Beaumont","description":"","publisher":{"@id":"https:\/\/lesorguesdebeaumont74.com\/#organization"},"potentialAction":[{"@type":"SearchAction","target":{"@type":"EntryPoint","urlTemplate":"https:\/\/lesorguesdebeaumont74.com\/?s={search_term_string}"},"query-input":{"@type":"PropertyValueSpecification","valueRequired":true,"valueName":"search_term_string"}}],"inLanguage":"fr-FR"},{"@type":"Organization","@id":"https:\/\/lesorguesdebeaumont74.com\/#organization","name":"Les Orgues de Beaumont","url":"https:\/\/lesorguesdebeaumont74.com\/","logo":{"@type":"ImageObject","inLanguage":"fr-FR","@id":"https:\/\/lesorguesdebeaumont74.com\/#\/schema\/logo\/image\/","url":"https:\/\/lesorguesdebeaumont74.com\/wp-content\/uploads\/2022\/02\/Logo-Les-Orgues-de-Beaumont.png","contentUrl":"https:\/\/lesorguesdebeaumont74.com\/wp-content\/uploads\/2022\/02\/Logo-Les-Orgues-de-Beaumont.png","width":1807,"height":578,"caption":"Les Orgues de Beaumont"},"image":{"@id":"https:\/\/lesorguesdebeaumont74.com\/#\/schema\/logo\/image\/"}}]}},"_links":{"self":[{"href":"https:\/\/lesorguesdebeaumont74.com\/index.php?rest_route=\/wp\/v2\/pages\/462","targetHints":{"allow":["GET"]}}],"collection":[{"href":"https:\/\/lesorguesdebeaumont74.com\/index.php?rest_route=\/wp\/v2\/pages"}],"about":[{"href":"https:\/\/lesorguesdebeaumont74.com\/index.php?rest_route=\/wp\/v2\/types\/page"}],"author":[{"embeddable":true,"href":"https:\/\/lesorguesdebeaumont74.com\/index.php?rest_route=\/wp\/v2\/users\/5"}],"replies":[{"embeddable":true,"href":"https:\/\/lesorguesdebeaumont74.com\/index.php?rest_route=%2Fwp%2Fv2%2Fcomments&post=462"}],"version-history":[{"count":12,"href":"https:\/\/lesorguesdebeaumont74.com\/index.php?rest_route=\/wp\/v2\/pages\/462\/revisions"}],"predecessor-version":[{"id":617,"href":"https:\/\/lesorguesdebeaumont74.com\/index.php?rest_route=\/wp\/v2\/pages\/462\/revisions\/617"}],"wp:attachment":[{"href":"https:\/\/lesorguesdebeaumont74.com\/index.php?rest_route=%2Fwp%2Fv2%2Fmedia&parent=462"}],"curies":[{"name":"wp","href":"https:\/\/api.w.org\/{rel}","templated":true}]}}